{"id":7609,"date":"2025-10-21T04:52:02","date_gmt":"2025-10-21T04:52:02","guid":{"rendered":"https:\/\/fortemc.com.br\/site\/?page_id=7609"},"modified":"2026-01-13T00:35:25","modified_gmt":"2026-01-13T00:35:25","slug":"produtos-quimicos","status":"publish","type":"page","link":"https:\/\/fortemc.com.br\/site\/produtos-quimicos\/","title":{"rendered":"Categoria &#8211; Produtos Qu\u00edmicos"},"content":{"rendered":"\t\t<div data-elementor-type=\"wp-page\" data-elementor-id=\"7609\" class=\"elementor elementor-7609\" data-elementor-post-type=\"page\">\n\t\t\t\t<div class=\"elementor-element elementor-element-35ea7e5 e-con-full e-flex e-con e-parent\" data-id=\"35ea7e5\" data-element_type=\"container\">\n\t\t\t\t<div class=\"elementor-element elementor-element-cea6926 elementor-widget elementor-widget-nexta-marquee\" data-id=\"cea6926\" data-element_type=\"widget\" data-widget_type=\"nexta-marquee.default\">\n\t\t\t\t<div class=\"elementor-widget-container\">\n\t\t\t\t\t\r\n        <div class=\"marquee-section overflow-hidden style-2\">\r\n\t\t\t            <div class=\"container-fluid p-0 overflow-hidden\">\r\n                <div class=\"slider__marquee clearfix marquee-wrap\">\r\n                    <ul class=\"marquee_mode marquee__group\">\r\n                                                    <li class=\"item m-item\">\r\n                                <img data-opt-id=691182746  fetchpriority=\"high\" decoding=\"async\" class=\"icon\" src=\"https:\/\/nexta.themevally.com\/wp-content\/uploads\/2024\/11\/star3.png\" alt=\"image\">\r\n                                Aqui voc\u00ea encontra - Qualidade, confian\u00e7a e pre\u00e7o justo para sua obra!                            <\/li>\r\n                                                    <li class=\"item m-item\">\r\n                                <img data-opt-id=691182746  fetchpriority=\"high\" decoding=\"async\" class=\"icon\" src=\"https:\/\/nexta.themevally.com\/wp-content\/uploads\/2024\/11\/star3.png\" alt=\"image\">\r\n                                Tudo em el\u00e9trica, hidr\u00e1ulica, ferramentas, tintas e muito mais!                            <\/li>\r\n                                                    <li class=\"item m-item\">\r\n                                <img data-opt-id=691182746  fetchpriority=\"high\" decoding=\"async\" class=\"icon\" src=\"https:\/\/nexta.themevally.com\/wp-content\/uploads\/2024\/11\/star3.png\" alt=\"image\">\r\n                                Entrega r\u00e1pida em toda a regi\u00e3o \u2014 fale com a GENTE!                            <\/li>\r\n                                            <\/ul>\r\n                <\/div>\r\n            <\/div>\r\n        <\/div>\r\n\r\n        \t\t\t\t<\/div>\n\t\t\t\t<\/div>\n\t\t\t\t<\/div>\n\t\t\t\t<section class=\"elementor-section elementor-top-section elementor-element elementor-element-58fe4676 elementor-section-full_width elementor-section-height-default elementor-section-height-default\" data-id=\"58fe4676\" data-element_type=\"section\" data-settings=\"{&quot;background_background&quot;:&quot;classic&quot;}\">\n\t\t\t\t\t\t<div class=\"elementor-container elementor-column-gap-no\">\n\t\t\t\t\t<div class=\"elementor-column elementor-col-100 elementor-top-column elementor-element elementor-element-220b9493\" data-id=\"220b9493\" data-element_type=\"column\">\n\t\t\t<div class=\"elementor-widget-wrap elementor-element-populated\">\n\t\t\t\t\t\t<section class=\"elementor-section elementor-inner-section elementor-element elementor-element-555c0e61 elementor-section-boxed elementor-section-height-default elementor-section-height-default\" data-id=\"555c0e61\" data-element_type=\"section\">\n\t\t\t\t\t\t<div class=\"elementor-container elementor-column-gap-no\">\n\t\t\t\t\t<div class=\"elementor-column elementor-col-50 elementor-inner-column elementor-element elementor-element-23654408\" data-id=\"23654408\" data-element_type=\"column\">\n\t\t\t<div class=\"elementor-widget-wrap elementor-element-populated\">\n\t\t\t\t\t\t<div class=\"elementor-element elementor-element-6900be5d elementor-widget elementor-widget-text-editor\" data-id=\"6900be5d\" data-element_type=\"widget\" data-widget_type=\"text-editor.default\">\n\t\t\t\t\t\t\t\t\t<h6 class=\"sec-subtitle subtitle-selector\"><i class=\"fas fa-bring-forward\"><\/i>Produtos por Categoria<\/h6>\t\t\t\t\t\t\t\t<\/div>\n\t\t\t\t<div class=\"elementor-element elementor-element-568119c3 elementor-widget__width-initial elementor-widget-tablet__width-initial elementor-widget elementor-widget-text-editor\" data-id=\"568119c3\" data-element_type=\"widget\" data-widget_type=\"text-editor.default\">\n\t\t\t\t\t\t\t\t\t<div class=\"btnmd\"><a href=\"https:\/\/fortemc.com.br\/site\/produtos-acabamento\/\"><span style=\"color: #000;\"><i class=\"fas fa-arrow-circle-right\"><\/i> <strong>Acabamento<\/strong><\/span><\/a><\/div>\t\t\t\t\t\t\t\t<\/div>\n\t\t\t\t<div class=\"elementor-element elementor-element-41eaa246 elementor-widget__width-initial elementor-widget-tablet__width-initial elementor-widget elementor-widget-text-editor\" data-id=\"41eaa246\" data-element_type=\"widget\" data-widget_type=\"text-editor.default\">\n\t\t\t\t\t\t\t\t\t<div class=\"btnmd\"><a href=\"https:\/\/fortemc.com.br\/site\/produtos-contrucao\/\"><span style=\"color: #000;\"><i class=\"fas fa-arrow-circle-right\"><\/i> <strong>Constru\u00e7\u00e3o e Estrutura<\/strong><\/span><\/a><\/div>\t\t\t\t\t\t\t\t<\/div>\n\t\t\t\t<div class=\"elementor-element elementor-element-5275eb42 elementor-widget__width-initial elementor-widget-tablet__width-initial elementor-widget elementor-widget-text-editor\" data-id=\"5275eb42\" data-element_type=\"widget\" data-widget_type=\"text-editor.default\">\n\t\t\t\t\t\t\t\t\t<div class=\"btnmd\"><a href=\"https:\/\/fortemc.com.br\/site\/produtos-eletrica\/\"><span style=\"color: #000;\"><i class=\"fas fa-arrow-circle-right\"><\/i> <strong>El\u00e9trica<\/strong><\/span><\/a><\/div>\t\t\t\t\t\t\t\t<\/div>\n\t\t\t\t<div class=\"elementor-element elementor-element-5188b4ca elementor-widget__width-initial elementor-widget-tablet__width-initial elementor-widget elementor-widget-text-editor\" data-id=\"5188b4ca\" data-element_type=\"widget\" data-widget_type=\"text-editor.default\">\n\t\t\t\t\t\t\t\t\t<div class=\"btnmd\"><a href=\"https:\/\/fortemc.com.br\/site\/produtos-epi\/\"><span style=\"color: #000;\"><i class=\"fas fa-arrow-circle-right\"><\/i> <strong>EPI<\/strong><\/span><\/a><\/div>\t\t\t\t\t\t\t\t<\/div>\n\t\t\t\t<div class=\"elementor-element elementor-element-4c2f841 elementor-widget__width-initial elementor-widget-tablet__width-initial elementor-widget elementor-widget-text-editor\" data-id=\"4c2f841\" data-element_type=\"widget\" data-widget_type=\"text-editor.default\">\n\t\t\t\t\t\t\t\t\t<div class=\"btnmd\"><a href=\"https:\/\/fortemc.com.br\/site\/produtos-ferragem\/\"><span style=\"color: #000;\"><i class=\"fas fa-arrow-circle-right\"><\/i> <strong>Ferragens<\/strong><\/span><\/a><\/div>\t\t\t\t\t\t\t\t<\/div>\n\t\t\t\t<div class=\"elementor-element elementor-element-47140864 elementor-widget__width-initial elementor-widget-tablet__width-initial elementor-widget elementor-widget-text-editor\" data-id=\"47140864\" data-element_type=\"widget\" data-widget_type=\"text-editor.default\">\n\t\t\t\t\t\t\t\t\t<div class=\"btnmd\"><a href=\"https:\/\/fortemc.com.br\/site\/produtos-ferramentas\/\"><span style=\"color: #000;\"><i class=\"fas fa-arrow-circle-right\"><\/i> <strong>Ferramentas<\/strong><\/span><\/a><\/div>\t\t\t\t\t\t\t\t<\/div>\n\t\t\t\t<div class=\"elementor-element elementor-element-16339d31 elementor-widget__width-initial elementor-widget-tablet__width-initial elementor-widget elementor-widget-text-editor\" data-id=\"16339d31\" data-element_type=\"widget\" data-widget_type=\"text-editor.default\">\n\t\t\t\t\t\t\t\t\t<div class=\"btnmd\"><a href=\"https:\/\/fortemc.com.br\/site\/produtos-hidraulica\/\"><span style=\"color: #000;\"><i class=\"fas fa-arrow-circle-right\"><\/i> <strong>Hidr\u00e1ulica<\/strong><\/span><\/a><\/div>\t\t\t\t\t\t\t\t<\/div>\n\t\t\t\t<div class=\"elementor-element elementor-element-60e8de7d elementor-widget__width-initial elementor-widget-tablet__width-initial elementor-widget elementor-widget-text-editor\" data-id=\"60e8de7d\" data-element_type=\"widget\" data-widget_type=\"text-editor.default\">\n\t\t\t\t\t\t\t\t\t<div class=\"btnmd\"><a href=\"https:\/\/fortemc.com.br\/site\/produtos-limpeza-utilidades\/\"><span style=\"color: #000;\"><i class=\"fas fa-arrow-circle-right\"><\/i> <strong>Limpeza e Utilidades<\/strong><\/span><\/a><\/div>\t\t\t\t\t\t\t\t<\/div>\n\t\t\t\t<div class=\"elementor-element elementor-element-387fb15c elementor-widget__width-initial elementor-widget-tablet__width-initial elementor-widget elementor-widget-text-editor\" data-id=\"387fb15c\" data-element_type=\"widget\" data-widget_type=\"text-editor.default\">\n\t\t\t\t\t\t\t\t\t<div class=\"btnmd\"><a href=\"https:\/\/fortemc.com.br\/site\/produtos-manutencao\/\"><span style=\"color: #000;\"><i class=\"fas fa-arrow-circle-right\"><\/i> <strong>Manuten\u00e7\u00e3o<\/strong><\/span><\/a><\/div>\t\t\t\t\t\t\t\t<\/div>\n\t\t\t\t<div class=\"elementor-element elementor-element-752dd109 elementor-widget__width-initial elementor-widget-tablet__width-initial elementor-widget elementor-widget-text-editor\" data-id=\"752dd109\" data-element_type=\"widget\" data-widget_type=\"text-editor.default\">\n\t\t\t\t\t\t\t\t\t<div class=\"btnmd\"><a href=\"https:\/\/fortemc.com.br\/site\/produtos-pisos\/\"><span style=\"color: #000;\"><i class=\"fas fa-arrow-circle-right\"><\/i> <strong>Pisos e revestimentos<\/strong><\/span><\/a><\/div>\t\t\t\t\t\t\t\t<\/div>\n\t\t\t\t<div class=\"elementor-element elementor-element-a5811a8 elementor-widget__width-initial elementor-widget-tablet__width-initial elementor-widget elementor-widget-text-editor\" data-id=\"a5811a8\" data-element_type=\"widget\" data-widget_type=\"text-editor.default\">\n\t\t\t\t\t\t\t\t\t<div class=\"btnmd\"><a href=\"https:\/\/fortemc.com.br\/site\/produtos-portas-janelas\/\"><span style=\"color: #000;\"><i class=\"fas fa-arrow-circle-right\"><\/i> <strong>Portas e Janelas<\/strong><\/span><\/a><\/div>\t\t\t\t\t\t\t\t<\/div>\n\t\t\t\t<div class=\"elementor-element elementor-element-1c290d8d elementor-widget__width-initial elementor-widget-tablet__width-initial elementor-widget elementor-widget-text-editor\" data-id=\"1c290d8d\" data-element_type=\"widget\" data-widget_type=\"text-editor.default\">\n\t\t\t\t\t\t\t\t\t<div class=\"btnmd\"><a href=\"https:\/\/fortemc.com.br\/site\/produtos-quimicos\/\"><span style=\"color: #000;\"><i class=\"fas fa-arrow-circle-right\"><\/i> <strong>Produtos Qu\u00edmicos<\/strong><\/span><\/a><\/div>\t\t\t\t\t\t\t\t<\/div>\n\t\t\t\t<div class=\"elementor-element elementor-element-53d613db elementor-widget__width-initial elementor-widget-tablet__width-initial elementor-widget elementor-widget-text-editor\" data-id=\"53d613db\" data-element_type=\"widget\" data-widget_type=\"text-editor.default\">\n\t\t\t\t\t\t\t\t\t<div class=\"btnmd\"><a href=\"https:\/\/fortemc.com.br\/site\/produtos-tintas\/\"><span style=\"color: #000;\"><i class=\"fas fa-arrow-circle-right\"><\/i> <strong>Tintas e acess\u00f3rios<\/strong><\/span><\/a><\/div>\t\t\t\t\t\t\t\t<\/div>\n\t\t\t\t\t<\/div>\n\t\t<\/div>\n\t\t\t\t<div class=\"elementor-column elementor-col-50 elementor-inner-column elementor-element elementor-element-532c320f\" data-id=\"532c320f\" data-element_type=\"column\">\n\t\t\t<div class=\"elementor-widget-wrap elementor-element-populated\">\n\t\t\t\t\t\t<div class=\"elementor-element elementor-element-5bb6f64a elementor-widget elementor-widget-text-editor\" data-id=\"5bb6f64a\" data-element_type=\"widget\" data-widget_type=\"text-editor.default\">\n\t\t\t\t\t\t\t\t\t<h4 class=\"sec-subtitle subtitle-selector\"><i class=\"fas fa-arrow-right\"><\/i> Destaque<\/h4>\t\t\t\t\t\t\t\t<\/div>\n\t\t\t\t\t<\/div>\n\t\t<\/div>\n\t\t\t\t\t<\/div>\n\t\t<\/section>\n\t\t\t\t\t<\/div>\n\t\t<\/div>\n\t\t\t\t\t<\/div>\n\t\t<\/section>\n\t\t\t\t<\/div>\n\t\t","protected":false},"excerpt":{"rendered":"<p>Aqui voc\u00ea encontra &#8211; Qualidade, confian\u00e7a e pre\u00e7o justo para sua obra! Tudo em el\u00e9trica, hidr\u00e1ulica, ferramentas, tintas e muito mais! Entrega r\u00e1pida em toda a regi\u00e3o \u2014 fale com a GENTE! Produtos por Categoria Acabamento Constru\u00e7\u00e3o e Estrutura El\u00e9trica EPI Ferragens Ferramentas Hidr\u00e1ulica Limpeza e Utilidades Manuten\u00e7\u00e3o Pisos e revestimentos Portas e Janelas Produtos <\/p>\n","protected":false},"author":1,"featured_media":2370,"parent":0,"menu_order":0,"comment_status":"closed","ping_status":"closed","template":"","meta":{"_acf_changed":false,"footnotes":""},"class_list":["post-7609","page","type-page","status-publish","has-post-thumbnail","hentry"],"acf":[],"_links":{"self":[{"href":"https:\/\/fortemc.com.br\/site\/wp-json\/wp\/v2\/pages\/7609","targetHints":{"allow":["GET"]}}],"collection":[{"href":"https:\/\/fortemc.com.br\/site\/wp-json\/wp\/v2\/pages"}],"about":[{"href":"https:\/\/fortemc.com.br\/site\/wp-json\/wp\/v2\/types\/page"}],"author":[{"embeddable":true,"href":"https:\/\/fortemc.com.br\/site\/wp-json\/wp\/v2\/users\/1"}],"replies":[{"embeddable":true,"href":"https:\/\/fortemc.com.br\/site\/wp-json\/wp\/v2\/comments?post=7609"}],"version-history":[{"count":1,"href":"https:\/\/fortemc.com.br\/site\/wp-json\/wp\/v2\/pages\/7609\/revisions"}],"predecessor-version":[{"id":8622,"href":"https:\/\/fortemc.com.br\/site\/wp-json\/wp\/v2\/pages\/7609\/revisions\/8622"}],"wp:featuredmedia":[{"embeddable":true,"href":"https:\/\/fortemc.com.br\/site\/wp-json\/"}],"wp:attachment":[{"href":"https:\/\/fortemc.com.br\/site\/wp-json\/wp\/v2\/media?parent=7609"}],"curies":[{"name":"wp","href":"https:\/\/api.w.org\/{rel}","templated":true}]}}