{"id":7572,"date":"2025-10-21T04:56:08","date_gmt":"2025-10-21T04:56:08","guid":{"rendered":"https:\/\/fortemc.com.br\/site\/?page_id=7572"},"modified":"2026-01-10T03:07:29","modified_gmt":"2026-01-10T03:07:29","slug":"produtos-acabamento","status":"publish","type":"page","link":"https:\/\/fortemc.com.br\/site\/produtos-acabamento\/","title":{"rendered":"Categoria &#8211; Acabamento"},"content":{"rendered":"\t\t<div data-elementor-type=\"wp-page\" data-elementor-id=\"7572\" class=\"elementor elementor-7572\" data-elementor-post-type=\"page\">\n\t\t\t\t<div class=\"elementor-element elementor-element-35ea7e5 e-con-full e-flex e-con e-parent\" data-id=\"35ea7e5\" data-element_type=\"container\">\n\t\t\t\t<div class=\"elementor-element elementor-element-cea6926 elementor-widget elementor-widget-nexta-marquee\" data-id=\"cea6926\" data-element_type=\"widget\" data-widget_type=\"nexta-marquee.default\">\n\t\t\t\t<div class=\"elementor-widget-container\">\n\t\t\t\t\t\r\n        <div class=\"marquee-section overflow-hidden style-2\">\r\n\t\t\t            <div class=\"container-fluid p-0 overflow-hidden\">\r\n                <div class=\"slider__marquee clearfix marquee-wrap\">\r\n                    <ul class=\"marquee_mode marquee__group\">\r\n                                                    <li class=\"item m-item\">\r\n                                <img data-opt-id=691182746  fetchpriority=\"high\" decoding=\"async\" class=\"icon\" src=\"https:\/\/nexta.themevally.com\/wp-content\/uploads\/2024\/11\/star3.png\" alt=\"image\">\r\n                                Aqui voc\u00ea encontra - Qualidade, confian\u00e7a e pre\u00e7o justo para sua obra!                            <\/li>\r\n                                                    <li class=\"item m-item\">\r\n                                <img data-opt-id=691182746  fetchpriority=\"high\" decoding=\"async\" class=\"icon\" src=\"https:\/\/nexta.themevally.com\/wp-content\/uploads\/2024\/11\/star3.png\" alt=\"image\">\r\n                                Tudo em el\u00e9trica, hidr\u00e1ulica, ferramentas, tintas e muito mais!                            <\/li>\r\n                                                    <li class=\"item m-item\">\r\n                                <img data-opt-id=691182746  fetchpriority=\"high\" decoding=\"async\" class=\"icon\" src=\"https:\/\/nexta.themevally.com\/wp-content\/uploads\/2024\/11\/star3.png\" alt=\"image\">\r\n                                Entrega r\u00e1pida em toda a regi\u00e3o \u2014 fale com a GENTE!                            <\/li>\r\n                                            <\/ul>\r\n                <\/div>\r\n            <\/div>\r\n        <\/div>\r\n\r\n        \t\t\t\t<\/div>\n\t\t\t\t<\/div>\n\t\t\t\t<\/div>\n\t\t\t\t<section class=\"elementor-section elementor-top-section elementor-element elementor-element-58fe4676 elementor-section-full_width elementor-section-height-default elementor-section-height-default\" data-id=\"58fe4676\" data-element_type=\"section\" data-settings=\"{&quot;background_background&quot;:&quot;classic&quot;}\">\n\t\t\t\t\t\t<div class=\"elementor-container elementor-column-gap-no\">\n\t\t\t\t\t<div class=\"elementor-column elementor-col-100 elementor-top-column elementor-element elementor-element-220b9493\" data-id=\"220b9493\" data-element_type=\"column\">\n\t\t\t<div class=\"elementor-widget-wrap elementor-element-populated\">\n\t\t\t\t\t\t<section class=\"elementor-section elementor-inner-section elementor-element elementor-element-555c0e61 elementor-section-boxed elementor-section-height-default elementor-section-height-default\" data-id=\"555c0e61\" data-element_type=\"section\">\n\t\t\t\t\t\t<div class=\"elementor-container elementor-column-gap-no\">\n\t\t\t\t\t<div class=\"elementor-column elementor-col-50 elementor-inner-column elementor-element elementor-element-23654408\" data-id=\"23654408\" data-element_type=\"column\">\n\t\t\t<div class=\"elementor-widget-wrap elementor-element-populated\">\n\t\t\t\t\t\t<div class=\"elementor-element elementor-element-6900be5d elementor-widget elementor-widget-text-editor\" data-id=\"6900be5d\" data-element_type=\"widget\" data-widget_type=\"text-editor.default\">\n\t\t\t\t\t\t\t\t\t<h6 class=\"sec-subtitle subtitle-selector\"><i class=\"fas fa-bring-forward\"><\/i>Produtos por Categoria<\/h6>\t\t\t\t\t\t\t\t<\/div>\n\t\t\t\t<div class=\"elementor-element elementor-element-568119c3 elementor-widget__width-initial elementor-widget-tablet__width-initial elementor-widget elementor-widget-text-editor\" data-id=\"568119c3\" data-element_type=\"widget\" data-widget_type=\"text-editor.default\">\n\t\t\t\t\t\t\t\t\t<div class=\"btnmd\"><a href=\"https:\/\/fortemc.com.br\/site\/produtos-acabamento\/\"><span style=\"color: #000;\"><i class=\"fas fa-arrow-circle-right\"><\/i> <strong>Acabamento<\/strong><\/span><\/a><\/div>\t\t\t\t\t\t\t\t<\/div>\n\t\t\t\t<div class=\"elementor-element elementor-element-41eaa246 elementor-widget__width-initial elementor-widget-tablet__width-initial elementor-widget elementor-widget-text-editor\" data-id=\"41eaa246\" data-element_type=\"widget\" data-widget_type=\"text-editor.default\">\n\t\t\t\t\t\t\t\t\t<div class=\"btnmd\"><a href=\"https:\/\/fortemc.com.br\/site\/produtos-contrucao\/\"><span style=\"color: #000;\"><i class=\"fas fa-arrow-circle-right\"><\/i> <strong>Constru\u00e7\u00e3o e Estrutura<\/strong><\/span><\/a><\/div>\t\t\t\t\t\t\t\t<\/div>\n\t\t\t\t<div class=\"elementor-element elementor-element-5275eb42 elementor-widget__width-initial elementor-widget-tablet__width-initial elementor-widget elementor-widget-text-editor\" data-id=\"5275eb42\" data-element_type=\"widget\" data-widget_type=\"text-editor.default\">\n\t\t\t\t\t\t\t\t\t<div class=\"btnmd\"><a href=\"https:\/\/fortemc.com.br\/site\/produtos-eletrica\/\"><span style=\"color: #000;\"><i class=\"fas fa-arrow-circle-right\"><\/i> <strong>El\u00e9trica<\/strong><\/span><\/a><\/div>\t\t\t\t\t\t\t\t<\/div>\n\t\t\t\t<div class=\"elementor-element elementor-element-5188b4ca elementor-widget__width-initial elementor-widget-tablet__width-initial elementor-widget elementor-widget-text-editor\" data-id=\"5188b4ca\" data-element_type=\"widget\" data-widget_type=\"text-editor.default\">\n\t\t\t\t\t\t\t\t\t<div class=\"btnmd\"><a href=\"https:\/\/fortemc.com.br\/site\/produtos-epi\/\"><span style=\"color: #000;\"><i class=\"fas fa-arrow-circle-right\"><\/i> <strong>EPI<\/strong><\/span><\/a><\/div>\t\t\t\t\t\t\t\t<\/div>\n\t\t\t\t<div class=\"elementor-element elementor-element-4c2f841 elementor-widget__width-initial elementor-widget-tablet__width-initial elementor-widget elementor-widget-text-editor\" data-id=\"4c2f841\" data-element_type=\"widget\" data-widget_type=\"text-editor.default\">\n\t\t\t\t\t\t\t\t\t<div class=\"btnmd\"><a href=\"https:\/\/fortemc.com.br\/site\/produtos-ferragem\/\"><span style=\"color: #000;\"><i class=\"fas fa-arrow-circle-right\"><\/i> <strong>Ferragens<\/strong><\/span><\/a><\/div>\t\t\t\t\t\t\t\t<\/div>\n\t\t\t\t<div class=\"elementor-element elementor-element-47140864 elementor-widget__width-initial elementor-widget-tablet__width-initial elementor-widget elementor-widget-text-editor\" data-id=\"47140864\" data-element_type=\"widget\" data-widget_type=\"text-editor.default\">\n\t\t\t\t\t\t\t\t\t<div class=\"btnmd\"><a href=\"https:\/\/fortemc.com.br\/site\/produtos-ferramentas\/\"><span style=\"color: #000;\"><i class=\"fas fa-arrow-circle-right\"><\/i> <strong>Ferramentas<\/strong><\/span><\/a><\/div>\t\t\t\t\t\t\t\t<\/div>\n\t\t\t\t<div class=\"elementor-element elementor-element-16339d31 elementor-widget__width-initial elementor-widget-tablet__width-initial elementor-widget elementor-widget-text-editor\" data-id=\"16339d31\" data-element_type=\"widget\" data-widget_type=\"text-editor.default\">\n\t\t\t\t\t\t\t\t\t<div class=\"btnmd\"><a href=\"https:\/\/fortemc.com.br\/site\/produtos-hidraulica\/\"><span style=\"color: #000;\"><i class=\"fas fa-arrow-circle-right\"><\/i> <strong>Hidr\u00e1ulica<\/strong><\/span><\/a><\/div>\t\t\t\t\t\t\t\t<\/div>\n\t\t\t\t<div class=\"elementor-element elementor-element-60e8de7d elementor-widget__width-initial elementor-widget-tablet__width-initial elementor-widget elementor-widget-text-editor\" data-id=\"60e8de7d\" data-element_type=\"widget\" data-widget_type=\"text-editor.default\">\n\t\t\t\t\t\t\t\t\t<div class=\"btnmd\"><a href=\"https:\/\/fortemc.com.br\/site\/produtos-limpeza-utilidades\/\"><span style=\"color: #000;\"><i class=\"fas fa-arrow-circle-right\"><\/i> <strong>Limpeza e Utilidades<\/strong><\/span><\/a><\/div>\t\t\t\t\t\t\t\t<\/div>\n\t\t\t\t<div class=\"elementor-element elementor-element-387fb15c elementor-widget__width-initial elementor-widget-tablet__width-initial elementor-widget elementor-widget-text-editor\" data-id=\"387fb15c\" data-element_type=\"widget\" data-widget_type=\"text-editor.default\">\n\t\t\t\t\t\t\t\t\t<div class=\"btnmd\"><a href=\"https:\/\/fortemc.com.br\/site\/produtos-manutencao\/\"><span style=\"color: #000;\"><i class=\"fas fa-arrow-circle-right\"><\/i> <strong>Manuten\u00e7\u00e3o<\/strong><\/span><\/a><\/div>\t\t\t\t\t\t\t\t<\/div>\n\t\t\t\t<div class=\"elementor-element elementor-element-752dd109 elementor-widget__width-initial elementor-widget-tablet__width-initial elementor-widget elementor-widget-text-editor\" data-id=\"752dd109\" data-element_type=\"widget\" data-widget_type=\"text-editor.default\">\n\t\t\t\t\t\t\t\t\t<div class=\"btnmd\"><a href=\"https:\/\/fortemc.com.br\/site\/produtos-pisos\/\"><span style=\"color: #000;\"><i class=\"fas fa-arrow-circle-right\"><\/i> <strong>Pisos e revestimentos<\/strong><\/span><\/a><\/div>\t\t\t\t\t\t\t\t<\/div>\n\t\t\t\t<div class=\"elementor-element elementor-element-a5811a8 elementor-widget__width-initial elementor-widget-tablet__width-initial elementor-widget elementor-widget-text-editor\" data-id=\"a5811a8\" data-element_type=\"widget\" data-widget_type=\"text-editor.default\">\n\t\t\t\t\t\t\t\t\t<div class=\"btnmd\"><a href=\"https:\/\/fortemc.com.br\/site\/produtos-portas-janelas\/\"><span style=\"color: #000;\"><i class=\"fas fa-arrow-circle-right\"><\/i> <strong>Portas e Janelas<\/strong><\/span><\/a><\/div>\t\t\t\t\t\t\t\t<\/div>\n\t\t\t\t<div class=\"elementor-element elementor-element-1c290d8d elementor-widget__width-initial elementor-widget-tablet__width-initial elementor-widget elementor-widget-text-editor\" data-id=\"1c290d8d\" data-element_type=\"widget\" data-widget_type=\"text-editor.default\">\n\t\t\t\t\t\t\t\t\t<div class=\"btnmd\"><a href=\"https:\/\/fortemc.com.br\/site\/produtos-quimicos\/\"><span style=\"color: #000;\"><i class=\"fas fa-arrow-circle-right\"><\/i> <strong>Produtos Qu\u00edmicos<\/strong><\/span><\/a><\/div>\t\t\t\t\t\t\t\t<\/div>\n\t\t\t\t<div class=\"elementor-element elementor-element-53d613db elementor-widget__width-initial elementor-widget-tablet__width-initial elementor-widget elementor-widget-text-editor\" data-id=\"53d613db\" data-element_type=\"widget\" data-widget_type=\"text-editor.default\">\n\t\t\t\t\t\t\t\t\t<div class=\"btnmd\"><a href=\"https:\/\/fortemc.com.br\/site\/produtos-tintas\/\"><span style=\"color: #000;\"><i class=\"fas fa-arrow-circle-right\"><\/i> <strong>Tintas e acess\u00f3rios<\/strong><\/span><\/a><\/div>\t\t\t\t\t\t\t\t<\/div>\n\t\t\t\t\t<\/div>\n\t\t<\/div>\n\t\t\t\t<div class=\"elementor-column elementor-col-50 elementor-inner-column elementor-element elementor-element-532c320f\" data-id=\"532c320f\" data-element_type=\"column\">\n\t\t\t<div class=\"elementor-widget-wrap elementor-element-populated\">\n\t\t\t\t\t\t<div class=\"elementor-element elementor-element-5bb6f64a elementor-widget elementor-widget-text-editor\" data-id=\"5bb6f64a\" data-element_type=\"widget\" data-widget_type=\"text-editor.default\">\n\t\t\t\t\t\t\t\t\t<h4 class=\"sec-subtitle subtitle-selector\"><i class=\"fas fa-arrow-right\"><\/i> Destaque<\/h4>\t\t\t\t\t\t\t\t<\/div>\n\t\t\t\t<div class=\"elementor-element elementor-element-53c420c elementor-grid-3 elementor-grid-tablet-2 elementor-grid-mobile-1 elementor-posts--thumbnail-top elementor-widget elementor-widget-posts\" data-id=\"53c420c\" data-element_type=\"widget\" data-settings=\"{&quot;pagination_type&quot;:&quot;numbers_and_prev_next&quot;,&quot;classic_columns&quot;:&quot;3&quot;,&quot;classic_columns_tablet&quot;:&quot;2&quot;,&quot;classic_columns_mobile&quot;:&quot;1&quot;,&quot;classic_row_gap&quot;:{&quot;unit&quot;:&quot;px&quot;,&quot;size&quot;:35,&quot;sizes&quot;:[]},&quot;classic_row_gap_tablet&quot;:{&quot;unit&quot;:&quot;px&quot;,&quot;size&quot;:&quot;&quot;,&quot;sizes&quot;:[]},&quot;classic_row_gap_mobile&quot;:{&quot;unit&quot;:&quot;px&quot;,&quot;size&quot;:&quot;&quot;,&quot;sizes&quot;:[]}}\" data-widget_type=\"posts.classic\">\n\t\t\t\t<div class=\"elementor-widget-container\">\n\t\t\t\t\t\t\t<div class=\"elementor-posts-container elementor-posts elementor-posts--skin-classic elementor-grid\" role=\"list\">\n\t\t\t\t<article class=\"elementor-post elementor-grid-item post-6939 post type-post status-publish format-standard has-post-thumbnail hentry category-acabamento category-produtos\" role=\"listitem\">\n\t\t\t\t<a class=\"elementor-post__thumbnail__link\" href=\"https:\/\/fortemc.com.br\/site\/kit-acessorios-de-banheiro\/\" tabindex=\"-1\" >\n\t\t\t<div class=\"elementor-post__thumbnail\"><img data-opt-id=1312961419  data-opt-src=\"https:\/\/mlftwvfbiild.i.optimole.com\/cb:s0sM.767\/w:300\/h:188\/q:mauto\/f:best\/https:\/\/fortemc.com.br\/site\/wp-content\/uploads\/2025\/10\/kit-acessorios-banheiro.webp\"    decoding=\"async\" width=\"300\" height=\"188\" src=\"data:image/svg+xml,%3Csvg%20viewBox%3D%220%200%20300%20188%22%20width%3D%22300%22%20height%3D%22188%22%20xmlns%3D%22http%3A%2F%2Fwww.w3.org%2F2000%2Fsvg%22%3E%3Crect%20width%3D%22300%22%20height%3D%22188%22%20fill%3D%22transparent%22%2F%3E%3C%2Fsvg%3E\" class=\"attachment-medium size-medium wp-image-6940\" alt=\"\" old-srcset=\"https:\/\/mlftwvfbiild.i.optimole.com\/cb:s0sM.767\/w:300\/h:188\/q:mauto\/f:best\/https:\/\/fortemc.com.br\/site\/wp-content\/uploads\/2025\/10\/kit-acessorios-banheiro.webp 300w, https:\/\/mlftwvfbiild.i.optimole.com\/cb:s0sM.767\/w:1024\/h:640\/q:mauto\/f:best\/https:\/\/fortemc.com.br\/site\/wp-content\/uploads\/2025\/10\/kit-acessorios-banheiro.webp 1024w, https:\/\/mlftwvfbiild.i.optimole.com\/cb:s0sM.767\/w:768\/h:480\/q:mauto\/f:best\/https:\/\/fortemc.com.br\/site\/wp-content\/uploads\/2025\/10\/kit-acessorios-banheiro.webp 768w, https:\/\/mlftwvfbiild.i.optimole.com\/cb:s0sM.767\/w:530\/h:331\/q:mauto\/f:best\/https:\/\/fortemc.com.br\/site\/wp-content\/uploads\/2025\/10\/kit-acessorios-banheiro.webp 530w, https:\/\/mlftwvfbiild.i.optimole.com\/cb:s0sM.767\/w:1280\/h:800\/q:mauto\/f:best\/https:\/\/fortemc.com.br\/site\/wp-content\/uploads\/2025\/10\/kit-acessorios-banheiro.webp 1280w\" \/><\/div>\n\t\t<\/a>\n\t\t\t\t<div class=\"elementor-post__text\">\n\t\t\t\t<h3 class=\"elementor-post__title\">\n\t\t\t<a href=\"https:\/\/fortemc.com.br\/site\/kit-acessorios-de-banheiro\/\" >\n\t\t\t\tKit acess\u00f3rios de banheiro\t\t\t<\/a>\n\t\t<\/h3>\n\t\t\n\t\t<a class=\"elementor-post__read-more\" href=\"https:\/\/fortemc.com.br\/site\/kit-acessorios-de-banheiro\/\" aria-label=\"Read more about Kit acess\u00f3rios de banheiro\" tabindex=\"-1\" >\n\t\t\t+informa\u00e7\u00f4es -&gt;\t\t<\/a>\n\n\t\t\t\t<\/div>\n\t\t\t\t<\/article>\n\t\t\t\t<article class=\"elementor-post elementor-grid-item post-6942 post type-post status-publish format-standard has-post-thumbnail hentry category-acabamento category-produtos\" role=\"listitem\">\n\t\t\t\t<a class=\"elementor-post__thumbnail__link\" href=\"https:\/\/fortemc.com.br\/site\/placa-numero\/\" tabindex=\"-1\" >\n\t\t\t<div class=\"elementor-post__thumbnail\"><img data-opt-id=1637817727  data-opt-src=\"https:\/\/mlftwvfbiild.i.optimole.com\/cb:s0sM.767\/w:300\/h:188\/q:mauto\/f:best\/https:\/\/fortemc.com.br\/site\/wp-content\/uploads\/2025\/10\/placares-numero.webp\"  decoding=\"async\" width=\"300\" height=\"188\" src=\"data:image/svg+xml,%3Csvg%20viewBox%3D%220%200%20300%20188%22%20width%3D%22300%22%20height%3D%22188%22%20xmlns%3D%22http%3A%2F%2Fwww.w3.org%2F2000%2Fsvg%22%3E%3Crect%20width%3D%22300%22%20height%3D%22188%22%20fill%3D%22transparent%22%2F%3E%3C%2Fsvg%3E\" class=\"attachment-medium size-medium wp-image-6943\" alt=\"\" old-srcset=\"https:\/\/mlftwvfbiild.i.optimole.com\/cb:s0sM.767\/w:300\/h:188\/q:mauto\/f:best\/https:\/\/fortemc.com.br\/site\/wp-content\/uploads\/2025\/10\/placares-numero.webp 300w, https:\/\/mlftwvfbiild.i.optimole.com\/cb:s0sM.767\/w:1024\/h:640\/q:mauto\/f:best\/https:\/\/fortemc.com.br\/site\/wp-content\/uploads\/2025\/10\/placares-numero.webp 1024w, https:\/\/mlftwvfbiild.i.optimole.com\/cb:s0sM.767\/w:768\/h:480\/q:mauto\/f:best\/https:\/\/fortemc.com.br\/site\/wp-content\/uploads\/2025\/10\/placares-numero.webp 768w, https:\/\/mlftwvfbiild.i.optimole.com\/cb:s0sM.767\/w:530\/h:331\/q:mauto\/f:best\/https:\/\/fortemc.com.br\/site\/wp-content\/uploads\/2025\/10\/placares-numero.webp 530w, https:\/\/mlftwvfbiild.i.optimole.com\/cb:s0sM.767\/w:1280\/h:800\/q:mauto\/f:best\/https:\/\/fortemc.com.br\/site\/wp-content\/uploads\/2025\/10\/placares-numero.webp 1280w\" \/><\/div>\n\t\t<\/a>\n\t\t\t\t<div class=\"elementor-post__text\">\n\t\t\t\t<h3 class=\"elementor-post__title\">\n\t\t\t<a href=\"https:\/\/fortemc.com.br\/site\/placa-numero\/\" >\n\t\t\t\tPlaca Numero\t\t\t<\/a>\n\t\t<\/h3>\n\t\t\n\t\t<a class=\"elementor-post__read-more\" href=\"https:\/\/fortemc.com.br\/site\/placa-numero\/\" aria-label=\"Read more about Placa Numero\" tabindex=\"-1\" >\n\t\t\t+informa\u00e7\u00f4es -&gt;\t\t<\/a>\n\n\t\t\t\t<\/div>\n\t\t\t\t<\/article>\n\t\t\t\t<article class=\"elementor-post elementor-grid-item post-6933 post type-post status-publish format-standard has-post-thumbnail hentry category-acabamento category-produtos\" role=\"listitem\">\n\t\t\t\t<a class=\"elementor-post__thumbnail__link\" href=\"https:\/\/fortemc.com.br\/site\/gabinete-de-cozinha-elite\/\" tabindex=\"-1\" >\n\t\t\t<div class=\"elementor-post__thumbnail\"><img data-opt-id=888265315  data-opt-src=\"https:\/\/mlftwvfbiild.i.optimole.com\/cb:s0sM.767\/w:300\/h:188\/q:mauto\/f:best\/https:\/\/fortemc.com.br\/site\/wp-content\/uploads\/2025\/10\/gabinete-cozinha-elite.webp\"  decoding=\"async\" width=\"300\" height=\"188\" src=\"data:image/svg+xml,%3Csvg%20viewBox%3D%220%200%20300%20188%22%20width%3D%22300%22%20height%3D%22188%22%20xmlns%3D%22http%3A%2F%2Fwww.w3.org%2F2000%2Fsvg%22%3E%3Crect%20width%3D%22300%22%20height%3D%22188%22%20fill%3D%22transparent%22%2F%3E%3C%2Fsvg%3E\" class=\"attachment-medium size-medium wp-image-6934\" alt=\"\" old-srcset=\"https:\/\/mlftwvfbiild.i.optimole.com\/cb:s0sM.767\/w:300\/h:188\/q:mauto\/f:best\/https:\/\/fortemc.com.br\/site\/wp-content\/uploads\/2025\/10\/gabinete-cozinha-elite.webp 300w, https:\/\/mlftwvfbiild.i.optimole.com\/cb:s0sM.767\/w:1024\/h:640\/q:mauto\/f:best\/https:\/\/fortemc.com.br\/site\/wp-content\/uploads\/2025\/10\/gabinete-cozinha-elite.webp 1024w, https:\/\/mlftwvfbiild.i.optimole.com\/cb:s0sM.767\/w:768\/h:480\/q:mauto\/f:best\/https:\/\/fortemc.com.br\/site\/wp-content\/uploads\/2025\/10\/gabinete-cozinha-elite.webp 768w, https:\/\/mlftwvfbiild.i.optimole.com\/cb:s0sM.767\/w:530\/h:331\/q:mauto\/f:best\/https:\/\/fortemc.com.br\/site\/wp-content\/uploads\/2025\/10\/gabinete-cozinha-elite.webp 530w, https:\/\/mlftwvfbiild.i.optimole.com\/cb:s0sM.767\/w:1280\/h:800\/q:mauto\/f:best\/https:\/\/fortemc.com.br\/site\/wp-content\/uploads\/2025\/10\/gabinete-cozinha-elite.webp 1280w\" \/><\/div>\n\t\t<\/a>\n\t\t\t\t<div class=\"elementor-post__text\">\n\t\t\t\t<h3 class=\"elementor-post__title\">\n\t\t\t<a href=\"https:\/\/fortemc.com.br\/site\/gabinete-de-cozinha-elite\/\" >\n\t\t\t\tGabinete de cozinha Elite\t\t\t<\/a>\n\t\t<\/h3>\n\t\t\n\t\t<a class=\"elementor-post__read-more\" href=\"https:\/\/fortemc.com.br\/site\/gabinete-de-cozinha-elite\/\" aria-label=\"Read more about Gabinete de cozinha Elite\" tabindex=\"-1\" >\n\t\t\t+informa\u00e7\u00f4es -&gt;\t\t<\/a>\n\n\t\t\t\t<\/div>\n\t\t\t\t<\/article>\n\t\t\t\t<article class=\"elementor-post elementor-grid-item post-6930 post type-post status-publish format-standard has-post-thumbnail hentry category-acabamento category-hidraulica category-produtos\" role=\"listitem\">\n\t\t\t\t<a class=\"elementor-post__thumbnail__link\" href=\"https:\/\/fortemc.com.br\/site\/bacia-sanitaria-com-caixa-acoplada\/\" tabindex=\"-1\" >\n\t\t\t<div class=\"elementor-post__thumbnail\"><img data-opt-id=235730605  data-opt-src=\"https:\/\/mlftwvfbiild.i.optimole.com\/cb:s0sM.767\/w:300\/h:188\/q:mauto\/f:best\/https:\/\/fortemc.com.br\/site\/wp-content\/uploads\/2025\/10\/baciasanitaria-acoplada.webp\"  loading=\"lazy\" loading=\"lazy\" decoding=\"async\" width=\"300\" height=\"188\" src=\"data:image/svg+xml,%3Csvg%20viewBox%3D%220%200%20300%20188%22%20width%3D%22300%22%20height%3D%22188%22%20xmlns%3D%22http%3A%2F%2Fwww.w3.org%2F2000%2Fsvg%22%3E%3Crect%20width%3D%22300%22%20height%3D%22188%22%20fill%3D%22transparent%22%2F%3E%3C%2Fsvg%3E\" class=\"attachment-medium size-medium wp-image-6931\" alt=\"\" old-srcset=\"https:\/\/mlftwvfbiild.i.optimole.com\/cb:s0sM.767\/w:300\/h:188\/q:mauto\/f:best\/https:\/\/fortemc.com.br\/site\/wp-content\/uploads\/2025\/10\/baciasanitaria-acoplada.webp 300w, https:\/\/mlftwvfbiild.i.optimole.com\/cb:s0sM.767\/w:1024\/h:640\/q:mauto\/f:best\/https:\/\/fortemc.com.br\/site\/wp-content\/uploads\/2025\/10\/baciasanitaria-acoplada.webp 1024w, https:\/\/mlftwvfbiild.i.optimole.com\/cb:s0sM.767\/w:768\/h:480\/q:mauto\/f:best\/https:\/\/fortemc.com.br\/site\/wp-content\/uploads\/2025\/10\/baciasanitaria-acoplada.webp 768w, https:\/\/mlftwvfbiild.i.optimole.com\/cb:s0sM.767\/w:530\/h:331\/q:mauto\/f:best\/https:\/\/fortemc.com.br\/site\/wp-content\/uploads\/2025\/10\/baciasanitaria-acoplada.webp 530w, https:\/\/mlftwvfbiild.i.optimole.com\/cb:s0sM.767\/w:1280\/h:800\/q:mauto\/f:best\/https:\/\/fortemc.com.br\/site\/wp-content\/uploads\/2025\/10\/baciasanitaria-acoplada.webp 1280w\" \/><\/div>\n\t\t<\/a>\n\t\t\t\t<div class=\"elementor-post__text\">\n\t\t\t\t<h3 class=\"elementor-post__title\">\n\t\t\t<a href=\"https:\/\/fortemc.com.br\/site\/bacia-sanitaria-com-caixa-acoplada\/\" >\n\t\t\t\tBacia sanit\u00e1ria com caixa acoplada\t\t\t<\/a>\n\t\t<\/h3>\n\t\t\n\t\t<a class=\"elementor-post__read-more\" href=\"https:\/\/fortemc.com.br\/site\/bacia-sanitaria-com-caixa-acoplada\/\" aria-label=\"Read more about Bacia sanit\u00e1ria com caixa acoplada\" tabindex=\"-1\" >\n\t\t\t+informa\u00e7\u00f4es -&gt;\t\t<\/a>\n\n\t\t\t\t<\/div>\n\t\t\t\t<\/article>\n\t\t\t\t<article class=\"elementor-post elementor-grid-item post-6936 post type-post status-publish format-standard has-post-thumbnail hentry category-acabamento category-produtos\" role=\"listitem\">\n\t\t\t\t<a class=\"elementor-post__thumbnail__link\" href=\"https:\/\/fortemc.com.br\/site\/gabinete-de-banheiro-quality\/\" tabindex=\"-1\" >\n\t\t\t<div class=\"elementor-post__thumbnail\"><img data-opt-id=1664497277  data-opt-src=\"https:\/\/mlftwvfbiild.i.optimole.com\/cb:s0sM.767\/w:300\/h:188\/q:mauto\/f:best\/https:\/\/fortemc.com.br\/site\/wp-content\/uploads\/2025\/10\/gabinete-banheiro-quality.webp\"  loading=\"lazy\" loading=\"lazy\" decoding=\"async\" width=\"300\" height=\"188\" src=\"data:image/svg+xml,%3Csvg%20viewBox%3D%220%200%20300%20188%22%20width%3D%22300%22%20height%3D%22188%22%20xmlns%3D%22http%3A%2F%2Fwww.w3.org%2F2000%2Fsvg%22%3E%3Crect%20width%3D%22300%22%20height%3D%22188%22%20fill%3D%22transparent%22%2F%3E%3C%2Fsvg%3E\" class=\"attachment-medium size-medium wp-image-6937\" alt=\"\" old-srcset=\"https:\/\/mlftwvfbiild.i.optimole.com\/cb:s0sM.767\/w:300\/h:188\/q:mauto\/f:best\/https:\/\/fortemc.com.br\/site\/wp-content\/uploads\/2025\/10\/gabinete-banheiro-quality.webp 300w, https:\/\/mlftwvfbiild.i.optimole.com\/cb:s0sM.767\/w:1024\/h:640\/q:mauto\/f:best\/https:\/\/fortemc.com.br\/site\/wp-content\/uploads\/2025\/10\/gabinete-banheiro-quality.webp 1024w, https:\/\/mlftwvfbiild.i.optimole.com\/cb:s0sM.767\/w:768\/h:480\/q:mauto\/f:best\/https:\/\/fortemc.com.br\/site\/wp-content\/uploads\/2025\/10\/gabinete-banheiro-quality.webp 768w, https:\/\/mlftwvfbiild.i.optimole.com\/cb:s0sM.767\/w:530\/h:331\/q:mauto\/f:best\/https:\/\/fortemc.com.br\/site\/wp-content\/uploads\/2025\/10\/gabinete-banheiro-quality.webp 530w, https:\/\/mlftwvfbiild.i.optimole.com\/cb:s0sM.767\/w:1280\/h:800\/q:mauto\/f:best\/https:\/\/fortemc.com.br\/site\/wp-content\/uploads\/2025\/10\/gabinete-banheiro-quality.webp 1280w\" \/><\/div>\n\t\t<\/a>\n\t\t\t\t<div class=\"elementor-post__text\">\n\t\t\t\t<h3 class=\"elementor-post__title\">\n\t\t\t<a href=\"https:\/\/fortemc.com.br\/site\/gabinete-de-banheiro-quality\/\" >\n\t\t\t\tGabinete de banheiro Quality\t\t\t<\/a>\n\t\t<\/h3>\n\t\t\n\t\t<a class=\"elementor-post__read-more\" href=\"https:\/\/fortemc.com.br\/site\/gabinete-de-banheiro-quality\/\" aria-label=\"Read more about Gabinete de banheiro Quality\" tabindex=\"-1\" >\n\t\t\t+informa\u00e7\u00f4es -&gt;\t\t<\/a>\n\n\t\t\t\t<\/div>\n\t\t\t\t<\/article>\n\t\t\t\t<\/div>\n\t\t\n\t\t\t\t\t\t<\/div>\n\t\t\t\t<\/div>\n\t\t\t\t\t<\/div>\n\t\t<\/div>\n\t\t\t\t\t<\/div>\n\t\t<\/section>\n\t\t\t\t\t<\/div>\n\t\t<\/div>\n\t\t\t\t\t<\/div>\n\t\t<\/section>\n\t\t\t\t<\/div>\n\t\t","protected":false},"excerpt":{"rendered":"","protected":false},"author":1,"featured_media":2370,"parent":0,"menu_order":0,"comment_status":"closed","ping_status":"closed","template":"","meta":{"_acf_changed":false,"footnotes":""},"class_list":["post-7572","page","type-page","status-publish","has-post-thumbnail","hentry"],"acf":[],"_links":{"self":[{"href":"https:\/\/fortemc.com.br\/site\/wp-json\/wp\/v2\/pages\/7572","targetHints":{"allow":["GET"]}}],"collection":[{"href":"https:\/\/fortemc.com.br\/site\/wp-json\/wp\/v2\/pages"}],"about":[{"href":"https:\/\/fortemc.com.br\/site\/wp-json\/wp\/v2\/types\/page"}],"author":[{"embeddable":true,"href":"https:\/\/fortemc.com.br\/site\/wp-json\/wp\/v2\/users\/1"}],"replies":[{"embeddable":true,"href":"https:\/\/fortemc.com.br\/site\/wp-json\/wp\/v2\/comments?post=7572"}],"version-history":[{"count":1,"href":"https:\/\/fortemc.com.br\/site\/wp-json\/wp\/v2\/pages\/7572\/revisions"}],"predecessor-version":[{"id":8612,"href":"https:\/\/fortemc.com.br\/site\/wp-json\/wp\/v2\/pages\/7572\/revisions\/8612"}],"wp:featuredmedia":[{"embeddable":true,"href":"https:\/\/fortemc.com.br\/site\/wp-json\/"}],"wp:attachment":[{"href":"https:\/\/fortemc.com.br\/site\/wp-json\/wp\/v2\/media?parent=7572"}],"curies":[{"name":"wp","href":"https:\/\/api.w.org\/{rel}","templated":true}]}}