{"id":1734,"date":"2024-12-10T12:16:36","date_gmt":"2024-12-10T12:16:36","guid":{"rendered":"http:\/\/localhost\/bentol\/?page_id=1734"},"modified":"2025-10-21T05:51:06","modified_gmt":"2025-10-21T05:51:06","slug":"blog-2","status":"publish","type":"page","link":"https:\/\/fortemc.com.br\/site\/blog-2\/","title":{"rendered":"Blog"},"content":{"rendered":"\t\t<div data-elementor-type=\"wp-page\" data-elementor-id=\"1734\" class=\"elementor elementor-1734\" data-elementor-post-type=\"page\">\n\t\t\t\t<div class=\"elementor-element elementor-element-ee38343 e-flex e-con-boxed e-con e-parent\" data-id=\"ee38343\" data-element_type=\"container\" data-settings=\"{&quot;background_background&quot;:&quot;classic&quot;}\">\n\t\t\t\t\t<div class=\"e-con-inner\">\n\t\t\t\t<div class=\"elementor-element elementor-element-08e026a elementor-grid-2 elementor-grid-tablet-2 elementor-grid-mobile-1 elementor-posts--thumbnail-top elementor-widget elementor-widget-posts\" data-id=\"08e026a\" data-element_type=\"widget\" data-settings=\"{&quot;pagination_type&quot;:&quot;numbers_and_prev_next&quot;,&quot;classic_columns&quot;:&quot;2&quot;,&quot;classic_columns_tablet&quot;:&quot;2&quot;,&quot;classic_columns_mobile&quot;:&quot;1&quot;,&quot;classic_row_gap&quot;:{&quot;unit&quot;:&quot;px&quot;,&quot;size&quot;:35,&quot;sizes&quot;:[]},&quot;classic_row_gap_tablet&quot;:{&quot;unit&quot;:&quot;px&quot;,&quot;size&quot;:&quot;&quot;,&quot;sizes&quot;:[]},&quot;classic_row_gap_mobile&quot;:{&quot;unit&quot;:&quot;px&quot;,&quot;size&quot;:&quot;&quot;,&quot;sizes&quot;:[]}}\" data-widget_type=\"posts.classic\">\n\t\t\t\t<div class=\"elementor-widget-container\">\n\t\t\t\t\t\t\t<div class=\"elementor-posts-container elementor-posts elementor-posts--skin-classic elementor-grid\" role=\"list\">\n\t\t\t\t<article class=\"elementor-post elementor-grid-item post-7926 post type-post status-publish format-standard has-post-thumbnail hentry category-blog\" role=\"listitem\">\n\t\t\t\t<a class=\"elementor-post__thumbnail__link\" href=\"https:\/\/fortemc.com.br\/site\/cimento-areia-ou-argamassa-entenda-as-diferencas\/\" tabindex=\"-1\" >\n\t\t\t<div class=\"elementor-post__thumbnail\"><img data-opt-id=312681849  fetchpriority=\"high\" fetchpriority=\"high\" decoding=\"async\" width=\"640\" height=\"397\" src=\"https:\/\/mlftwvfbiild.i.optimole.com\/cb:s0sM.767\/w:auto\/h:auto\/q:mauto\/f:best\/https:\/\/fortemc.com.br\/site\/wp-content\/uploads\/2025\/10\/post2-img1.webp\" class=\"attachment-large size-large wp-image-7928\" alt=\"\" srcset=\"https:\/\/mlftwvfbiild.i.optimole.com\/cb:s0sM.767\/w:790\/h:490\/q:mauto\/f:best\/https:\/\/fortemc.com.br\/site\/wp-content\/uploads\/2025\/10\/post2-img1.webp 790w, https:\/\/mlftwvfbiild.i.optimole.com\/cb:s0sM.767\/w:300\/h:186\/q:mauto\/f:best\/https:\/\/fortemc.com.br\/site\/wp-content\/uploads\/2025\/10\/post2-img1.webp 300w, https:\/\/mlftwvfbiild.i.optimole.com\/cb:s0sM.767\/w:768\/h:476\/q:mauto\/f:best\/https:\/\/fortemc.com.br\/site\/wp-content\/uploads\/2025\/10\/post2-img1.webp 768w\" sizes=\"(max-width: 640px) 100vw, 640px\" \/><\/div>\n\t\t<\/a>\n\t\t\t\t<div class=\"elementor-post__text\">\n\t\t\t\t<h3 class=\"elementor-post__title\">\n\t\t\t<a href=\"https:\/\/fortemc.com.br\/site\/cimento-areia-ou-argamassa-entenda-as-diferencas\/\" >\n\t\t\t\tCimento, Areia ou Argamassa? Entenda as Diferen\u00e7as\t\t\t<\/a>\n\t\t<\/h3>\n\t\t\t\t<div class=\"elementor-post__excerpt\">\n\t\t\t<p>\ud83c\udfd7\ufe0f Cimento, Areia ou Argamassa? Entenda as Diferen\u00e7as Na constru\u00e7\u00e3o,<\/p>\n\t\t<\/div>\n\t\t\n\t\t<a class=\"elementor-post__read-more\" href=\"https:\/\/fortemc.com.br\/site\/cimento-areia-ou-argamassa-entenda-as-diferencas\/\" aria-label=\"Read more about Cimento, Areia ou Argamassa? Entenda as Diferen\u00e7as\" tabindex=\"-1\" >\n\t\t\tLeia mais -&gt;\t\t<\/a>\n\n\t\t\t\t<\/div>\n\t\t\t\t<\/article>\n\t\t\t\t<article class=\"elementor-post elementor-grid-item post-7934 post type-post status-publish format-standard has-post-thumbnail hentry category-blog\" role=\"listitem\">\n\t\t\t\t<a class=\"elementor-post__thumbnail__link\" href=\"https:\/\/fortemc.com.br\/site\/as-cores-de-tinta-que-estao-em-alta-em-2025\/\" tabindex=\"-1\" >\n\t\t\t<div class=\"elementor-post__thumbnail\"><img data-opt-id=1538843082  fetchpriority=\"high\" decoding=\"async\" width=\"640\" height=\"366\" src=\"https:\/\/mlftwvfbiild.i.optimole.com\/cb:s0sM.767\/w:auto\/h:auto\/q:mauto\/f:best\/https:\/\/fortemc.com.br\/site\/wp-content\/uploads\/2025\/10\/cores-do-ano-2025.webp\" class=\"attachment-large size-large wp-image-7935\" alt=\"\" srcset=\"https:\/\/mlftwvfbiild.i.optimole.com\/cb:s0sM.767\/w:900\/h:514\/q:mauto\/f:best\/https:\/\/fortemc.com.br\/site\/wp-content\/uploads\/2025\/10\/cores-do-ano-2025.webp 900w, https:\/\/mlftwvfbiild.i.optimole.com\/cb:s0sM.767\/w:300\/h:171\/q:mauto\/f:best\/https:\/\/fortemc.com.br\/site\/wp-content\/uploads\/2025\/10\/cores-do-ano-2025.webp 300w, https:\/\/mlftwvfbiild.i.optimole.com\/cb:s0sM.767\/w:768\/h:439\/q:mauto\/f:best\/https:\/\/fortemc.com.br\/site\/wp-content\/uploads\/2025\/10\/cores-do-ano-2025.webp 768w\" sizes=\"(max-width: 640px) 100vw, 640px\" \/><\/div>\n\t\t<\/a>\n\t\t\t\t<div class=\"elementor-post__text\">\n\t\t\t\t<h3 class=\"elementor-post__title\">\n\t\t\t<a href=\"https:\/\/fortemc.com.br\/site\/as-cores-de-tinta-que-estao-em-alta-em-2025\/\" >\n\t\t\t\tAs Cores de Tinta que Est\u00e3o em Alta em 2025\t\t\t<\/a>\n\t\t<\/h3>\n\t\t\t\t<div class=\"elementor-post__excerpt\">\n\t\t\t<p>\ud83c\udfe1 As Cores de Tinta que Est\u00e3o em Alta em<\/p>\n\t\t<\/div>\n\t\t\n\t\t<a class=\"elementor-post__read-more\" href=\"https:\/\/fortemc.com.br\/site\/as-cores-de-tinta-que-estao-em-alta-em-2025\/\" aria-label=\"Read more about As Cores de Tinta que Est\u00e3o em Alta em 2025\" tabindex=\"-1\" >\n\t\t\tLeia mais -&gt;\t\t<\/a>\n\n\t\t\t\t<\/div>\n\t\t\t\t<\/article>\n\t\t\t\t<article class=\"elementor-post elementor-grid-item post-7943 post type-post status-publish format-standard has-post-thumbnail hentry category-blog\" role=\"listitem\">\n\t\t\t\t<a class=\"elementor-post__thumbnail__link\" href=\"https:\/\/fortemc.com.br\/site\/ferramentas-que-nao-podem-faltar-na-sua-obra\/\" tabindex=\"-1\" >\n\t\t\t<div class=\"elementor-post__thumbnail\"><img data-opt-id=1387377207  data-opt-src=\"https:\/\/mlftwvfbiild.i.optimole.com\/cb:s0sM.767\/w:auto\/h:auto\/q:mauto\/f:best\/https:\/\/fortemc.com.br\/site\/wp-content\/uploads\/2025\/10\/ferramenta-necessaria-em-uma-obra.webp\"  decoding=\"async\" width=\"640\" height=\"400\" src=\"data:image/svg+xml,%3Csvg%20viewBox%3D%220%200%20100%%20100%%22%20width%3D%22100%%22%20height%3D%22100%%22%20xmlns%3D%22http%3A%2F%2Fwww.w3.org%2F2000%2Fsvg%22%3E%3Crect%20width%3D%22100%%22%20height%3D%22100%%22%20fill%3D%22transparent%22%2F%3E%3C%2Fsvg%3E\" class=\"attachment-large size-large wp-image-7944\" alt=\"\" old-srcset=\"https:\/\/mlftwvfbiild.i.optimole.com\/cb:s0sM.767\/w:1024\/h:640\/q:mauto\/f:best\/https:\/\/fortemc.com.br\/site\/wp-content\/uploads\/2025\/10\/ferramenta-necessaria-em-uma-obra.webp 1024w, https:\/\/mlftwvfbiild.i.optimole.com\/cb:s0sM.767\/w:300\/h:188\/q:mauto\/f:best\/https:\/\/fortemc.com.br\/site\/wp-content\/uploads\/2025\/10\/ferramenta-necessaria-em-uma-obra.webp 300w, https:\/\/mlftwvfbiild.i.optimole.com\/cb:s0sM.767\/w:768\/h:480\/q:mauto\/f:best\/https:\/\/fortemc.com.br\/site\/wp-content\/uploads\/2025\/10\/ferramenta-necessaria-em-uma-obra.webp 768w\" \/><\/div>\n\t\t<\/a>\n\t\t\t\t<div class=\"elementor-post__text\">\n\t\t\t\t<h3 class=\"elementor-post__title\">\n\t\t\t<a href=\"https:\/\/fortemc.com.br\/site\/ferramentas-que-nao-podem-faltar-na-sua-obra\/\" >\n\t\t\t\tFerramentas Que N\u00e3o Podem Faltar na Sua Obra\t\t\t<\/a>\n\t\t<\/h3>\n\t\t\t\t<div class=\"elementor-post__excerpt\">\n\t\t\t<p>Quando o assunto \u00e9 construir, reformar ou fazer pequenos reparos,<\/p>\n\t\t<\/div>\n\t\t\n\t\t<a class=\"elementor-post__read-more\" href=\"https:\/\/fortemc.com.br\/site\/ferramentas-que-nao-podem-faltar-na-sua-obra\/\" aria-label=\"Read more about Ferramentas Que N\u00e3o Podem Faltar na Sua Obra\" tabindex=\"-1\" >\n\t\t\tLeia mais -&gt;\t\t<\/a>\n\n\t\t\t\t<\/div>\n\t\t\t\t<\/article>\n\t\t\t\t<article class=\"elementor-post elementor-grid-item post-7917 post type-post status-publish format-standard has-post-thumbnail hentry category-blog\" role=\"listitem\">\n\t\t\t\t<a class=\"elementor-post__thumbnail__link\" href=\"https:\/\/fortemc.com.br\/site\/como-planejar-sua-obra-e-evitar-desperdicios\/\" tabindex=\"-1\" >\n\t\t\t<div class=\"elementor-post__thumbnail\"><img data-opt-id=1021810202  data-opt-src=\"https:\/\/mlftwvfbiild.i.optimole.com\/cb:s0sM.767\/w:1024\/h:683\/q:mauto\/f:best\/https:\/\/fortemc.com.br\/site\/wp-content\/uploads\/2025\/10\/post1-img1.webp\"  loading=\"lazy\" loading=\"lazy\" decoding=\"async\" width=\"640\" height=\"427\" src=\"data:image/svg+xml,%3Csvg%20viewBox%3D%220%200%201024%20683%22%20width%3D%221024%22%20height%3D%22683%22%20xmlns%3D%22http%3A%2F%2Fwww.w3.org%2F2000%2Fsvg%22%3E%3Crect%20width%3D%221024%22%20height%3D%22683%22%20fill%3D%22transparent%22%2F%3E%3C%2Fsvg%3E\" class=\"attachment-large size-large wp-image-7918\" alt=\"\" old-srcset=\"https:\/\/mlftwvfbiild.i.optimole.com\/cb:s0sM.767\/w:1024\/h:683\/q:mauto\/f:best\/https:\/\/fortemc.com.br\/site\/wp-content\/uploads\/2025\/10\/post1-img1.webp 1024w, https:\/\/mlftwvfbiild.i.optimole.com\/cb:s0sM.767\/w:300\/h:200\/q:mauto\/f:best\/https:\/\/fortemc.com.br\/site\/wp-content\/uploads\/2025\/10\/post1-img1.webp 300w, https:\/\/mlftwvfbiild.i.optimole.com\/cb:s0sM.767\/w:768\/h:512\/q:mauto\/f:best\/https:\/\/fortemc.com.br\/site\/wp-content\/uploads\/2025\/10\/post1-img1.webp 768w, https:\/\/mlftwvfbiild.i.optimole.com\/cb:s0sM.767\/w:1200\/h:800\/q:mauto\/f:best\/https:\/\/fortemc.com.br\/site\/wp-content\/uploads\/2025\/10\/post1-img1.webp 1200w\" \/><\/div>\n\t\t<\/a>\n\t\t\t\t<div class=\"elementor-post__text\">\n\t\t\t\t<h3 class=\"elementor-post__title\">\n\t\t\t<a href=\"https:\/\/fortemc.com.br\/site\/como-planejar-sua-obra-e-evitar-desperdicios\/\" >\n\t\t\t\tComo Planejar Sua Obra e Evitar Desperd\u00edcios\t\t\t<\/a>\n\t\t<\/h3>\n\t\t\t\t<div class=\"elementor-post__excerpt\">\n\t\t\t<p>\ud83c\udfd7\ufe0f Como Planejar Sua Obra e Evitar Desperd\u00edcios Quando o<\/p>\n\t\t<\/div>\n\t\t\n\t\t<a class=\"elementor-post__read-more\" href=\"https:\/\/fortemc.com.br\/site\/como-planejar-sua-obra-e-evitar-desperdicios\/\" aria-label=\"Read more about Como Planejar Sua Obra e Evitar Desperd\u00edcios\" tabindex=\"-1\" >\n\t\t\tLeia mais -&gt;\t\t<\/a>\n\n\t\t\t\t<\/div>\n\t\t\t\t<\/article>\n\t\t\t\t<\/div>\n\t\t\n\t\t\t\t\t\t<\/div>\n\t\t\t\t<\/div>\n\t\t\t\t\t<\/div>\n\t\t\t\t<\/div>\n\t\t\t\t<\/div>\n\t\t","protected":false},"excerpt":{"rendered":"","protected":false},"author":1,"featured_media":0,"parent":0,"menu_order":0,"comment_status":"closed","ping_status":"closed","template":"","meta":{"_acf_changed":false,"footnotes":""},"class_list":["post-1734","page","type-page","status-publish","hentry"],"acf":[],"_links":{"self":[{"href":"https:\/\/fortemc.com.br\/site\/wp-json\/wp\/v2\/pages\/1734","targetHints":{"allow":["GET"]}}],"collection":[{"href":"https:\/\/fortemc.com.br\/site\/wp-json\/wp\/v2\/pages"}],"about":[{"href":"https:\/\/fortemc.com.br\/site\/wp-json\/wp\/v2\/types\/page"}],"author":[{"embeddable":true,"href":"https:\/\/fortemc.com.br\/site\/wp-json\/wp\/v2\/users\/1"}],"replies":[{"embeddable":true,"href":"https:\/\/fortemc.com.br\/site\/wp-json\/wp\/v2\/comments?post=1734"}],"version-history":[{"count":0,"href":"https:\/\/fortemc.com.br\/site\/wp-json\/wp\/v2\/pages\/1734\/revisions"}],"wp:attachment":[{"href":"https:\/\/fortemc.com.br\/site\/wp-json\/wp\/v2\/media?parent=1734"}],"curies":[{"name":"wp","href":"https:\/\/api.w.org\/{rel}","templated":true}]}}