{"id":1563,"date":"2024-12-07T06:40:37","date_gmt":"2024-12-07T06:40:37","guid":{"rendered":"http:\/\/localhost\/bentol\/?page_id=1563"},"modified":"2025-10-18T03:58:43","modified_gmt":"2025-10-18T03:58:43","slug":"contato","status":"publish","type":"page","link":"https:\/\/fortemc.com.br\/site\/contato\/","title":{"rendered":"Contato"},"content":{"rendered":"\t\t<div data-elementor-type=\"wp-page\" data-elementor-id=\"1563\" class=\"elementor elementor-1563\" data-elementor-post-type=\"page\">\n\t\t\t\t<div class=\"elementor-element elementor-element-7609bb7 e-con-full e-flex e-con e-parent\" data-id=\"7609bb7\" data-element_type=\"container\">\n\t\t\t\t<div class=\"elementor-element elementor-element-1efc1a7 elementor-widget elementor-widget-nexta-contact-two\" data-id=\"1efc1a7\" data-element_type=\"widget\" data-widget_type=\"nexta-contact-two.default\">\n\t\t\t\t<div class=\"elementor-widget-container\">\n\t\t\t\t\t\r\n        <section class=\"contact-section style-2 space bg-theme3\">\r\n            <div class=\"container\">\r\n                <div class=\"row gy-30\">\r\n                    <div class=\"col-lg-5\">\r\n                        <div class=\"contact-content-wrap\">\r\n                            <div class=\"title-area twoT\">\r\n                                <div class=\"sub-title\">\r\n                                                                            <span><i class=\"asterisk\"><\/i><\/span>CONTATO                                                                    <\/div>\r\n                                <h2 class=\"sec-title\">Entre em contato  <span class=\"bold\">Conosco<\/span> <\/h2>\r\n                                <p class=\"sec-text text-gray\">Estamos prontos para ajudar!<\/p>\r\n                            <\/div>\r\n                            <div class=\"contact-info\">\r\n                                                                    <div class=\"contact-item\">\r\n                                        <div class=\"icon\">\r\n                                                                                            <i class=\"fa-sharp fa-regular fa-location-dot\"><\/i>\r\n                                                                                    <\/div>\r\n                                        <div class=\"info\">\r\n                                            <h4 class=\"title\">Nossa Localiza\u00e7\u00e3o<\/h4>\r\n                                            <div class=\"content\">\r\n                                                Av. Cuiab\u00e1, N. 110 - Centro<br> Teodoro Sampaio\/SP                                            <\/div>\r\n                                        <\/div>\r\n                                    <\/div>\r\n                                                                    <div class=\"contact-item\">\r\n                                        <div class=\"icon\">\r\n                                                                                            <svg aria-hidden=\"true\" class=\"e-font-icon-svg e-fas-phone-alt\" viewBox=\"0 0 512 512\" xmlns=\"http:\/\/www.w3.org\/2000\/svg\"><path d=\"M497.39 361.8l-112-48a24 24 0 0 0-28 6.9l-49.6 60.6A370.66 370.66 0 0 1 130.6 204.11l60.6-49.6a23.94 23.94 0 0 0 6.9-28l-48-112A24.16 24.16 0 0 0 122.6.61l-104 24A24 24 0 0 0 0 48c0 256.5 207.9 464 464 464a24 24 0 0 0 23.4-18.6l24-104a24.29 24.29 0 0 0-14.01-27.6z\"><\/path><\/svg>                                                                                    <\/div>\r\n                                        <div class=\"info\">\r\n                                            <h4 class=\"title\">Telefones<\/h4>\r\n                                            <div class=\"content\">\r\n                                                Comercial 1: <a href=\"tel:+18996665766\">(18) 99666-5766  <\/a><br>\n Comercial 2: <a href=\"tel:+18981435401\">(18) 98143-5401<\/a>                                            <\/div>\r\n                                        <\/div>\r\n                                    <\/div>\r\n                                                                    <div class=\"contact-item\">\r\n                                        <div class=\"icon\">\r\n                                                                                            <svg aria-hidden=\"true\" class=\"e-font-icon-svg e-far-envelope\" viewBox=\"0 0 512 512\" xmlns=\"http:\/\/www.w3.org\/2000\/svg\"><path d=\"M464 64H48C21.49 64 0 85.49 0 112v288c0 26.51 21.49 48 48 48h416c26.51 0 48-21.49 48-48V112c0-26.51-21.49-48-48-48zm0 48v40.805c-22.422 18.259-58.168 46.651-134.587 106.49-16.841 13.247-50.201 45.072-73.413 44.701-23.208.375-56.579-31.459-73.413-44.701C106.18 199.465 70.425 171.067 48 152.805V112h416zM48 400V214.398c22.914 18.251 55.409 43.862 104.938 82.646 21.857 17.205 60.134 55.186 103.062 54.955 42.717.231 80.509-37.199 103.053-54.947 49.528-38.783 82.032-64.401 104.947-82.653V400H48z\"><\/path><\/svg>                                                                                    <\/div>\r\n                                        <div class=\"info\">\r\n                                            <h4 class=\"title\">E-Mail<\/h4>\r\n                                            <div class=\"content\">\r\n                                                <a href=\"mailto:contato@fortemc.com.br\">contato@fortemc.com.br<\/a><br>\n <a href=\"mailto:cotacao@fortemc.com.br\">cotacao@fortemc.com.br<\/a>                                            <\/div>\r\n                                        <\/div>\r\n                                    <\/div>\r\n                                                            <\/div>\r\n                            <div class=\"social-links\">\r\n                                                                    <a href=\"https:\/\/www.facebook.com\/profile.php?id=100084049694321\">\r\n                                        <span class=\"link-effect\">\r\n                                            <span class=\"effect-1\">Facebook<\/span>\r\n                                            <span class=\"effect-1\">Facebook<\/span>\r\n                                        <\/span>\r\n                                    <\/a>\r\n                                                                    <a href=\"https:\/\/www.instagram.com\/fortematerial\/\">\r\n                                        <span class=\"link-effect\">\r\n                                            <span class=\"effect-1\">Instagram<\/span>\r\n                                            <span class=\"effect-1\">Instagram<\/span>\r\n                                        <\/span>\r\n                                    <\/a>\r\n                                                            <\/div>\r\n                        <\/div>\r\n                    <\/div>\r\n                    <div class=\"col-lg-7\">\r\n                        <div class=\"contact-form\">\r\n                            <h2 class=\"title mt--5 mb-35\">Fale Conosco<\/h2>\r\n                            \n<div class=\"wpcf7 no-js\" id=\"wpcf7-f2256-o1\" lang=\"en-US\" dir=\"ltr\" data-wpcf7-id=\"2256\">\n<div class=\"screen-reader-response\"><p role=\"status\" aria-live=\"polite\" aria-atomic=\"true\"><\/p> <ul><\/ul><\/div>\n<form action=\"\/site\/wp-json\/wp\/v2\/pages\/1563#wpcf7-f2256-o1\" method=\"post\" class=\"wpcf7-form init\" aria-label=\"Contact form\" novalidate=\"novalidate\" data-status=\"init\">\n<fieldset class=\"hidden-fields-container\"><input type=\"hidden\" name=\"_wpcf7\" value=\"2256\" \/><input type=\"hidden\" name=\"_wpcf7_version\" value=\"6.1.4\" \/><input type=\"hidden\" name=\"_wpcf7_locale\" value=\"en_US\" \/><input type=\"hidden\" name=\"_wpcf7_unit_tag\" value=\"wpcf7-f2256-o1\" \/><input type=\"hidden\" name=\"_wpcf7_container_post\" value=\"0\" \/><input type=\"hidden\" name=\"_wpcf7_posted_data_hash\" value=\"\" \/>\n<\/fieldset>\n<div id=\"contact_form\" class=\"contact_form\">\n\t<div class=\"form-grid\">\n\t\t<div class=\"form-group\">\n\t\t\t<p><span class=\"icon\"><i class=\"fa-solid fa-user\"><\/i><\/span><br \/>\n<span class=\"wpcf7-form-control-wrap\" data-name=\"your-name\"><input size=\"40\" maxlength=\"400\" class=\"wpcf7-form-control wpcf7-text\" aria-invalid=\"false\" placeholder=\"Nome\" value=\"\" type=\"text\" name=\"your-name\" \/><\/span>\n\t\t\t<\/p>\n\t\t<\/div>\n\t\t<div class=\"form-group\">\n\t\t\t<p><span class=\"icon\"><i class=\"fa-regular fa-envelope\"><\/i><\/span><br \/>\n<span class=\"wpcf7-form-control-wrap\" data-name=\"your-email\"><input size=\"40\" maxlength=\"400\" class=\"wpcf7-form-control wpcf7-email wpcf7-validates-as-required wpcf7-text wpcf7-validates-as-email\" aria-required=\"true\" aria-invalid=\"false\" placeholder=\"Email\" value=\"\" type=\"email\" name=\"your-email\" \/><\/span>\n\t\t\t<\/p>\n\t\t<\/div>\n\t<\/div>\n\t<div class=\"form-grid\">\n\t\t<div class=\"form-group\">\n\t\t\t<p><span class=\"icon\"><i class=\"fa-solid fa-phone\"><\/i><\/span><br \/>\n<span class=\"wpcf7-form-control-wrap\" data-name=\"your-phone\"><input size=\"40\" maxlength=\"400\" class=\"wpcf7-form-control wpcf7-tel wpcf7-text wpcf7-validates-as-tel\" aria-invalid=\"false\" placeholder=\"Telefone.\" value=\"\" type=\"tel\" name=\"your-phone\" \/><\/span>\n\t\t\t<\/p>\n\t\t<\/div>\n\t\t<div class=\"form-group\">\n\t\t\t<p><span class=\"wpcf7-form-control-wrap\" data-name=\"your-service\"><select class=\"wpcf7-form-control wpcf7-select\" aria-invalid=\"false\" name=\"your-service\"><option value=\"\">Como podemos ajudar?<\/option><option value=\"Or\u00e7amento\">Or\u00e7amento<\/option><option value=\"D\u00favida sobre Produtos\">D\u00favida sobre Produtos<\/option><option value=\"SAC\">SAC<\/option><option value=\"Outros\">Outros<\/option><\/select><\/span>\n\t\t\t<\/p>\n\t\t<\/div>\n\t<\/div>\n\t<div class=\"form-group\">\n\t\t<p><span class=\"wpcf7-form-control-wrap\" data-name=\"your-message\"><textarea cols=\"30\" rows=\"5\" maxlength=\"2000\" class=\"wpcf7-form-control wpcf7-textarea wpcf7-validates-as-required\" aria-required=\"true\" aria-invalid=\"false\" placeholder=\"Digite sua mensagem\" name=\"your-message\"><\/textarea><\/span>\n\t\t<\/p>\n\t<\/div>\n\t<div class=\"form-group terms\">\n\t\t<p><span class=\"wpcf7-form-control-wrap\" data-name=\"terms\"><span class=\"wpcf7-form-control wpcf7-acceptance optional\"><span class=\"wpcf7-list-item\"><label><input type=\"checkbox\" name=\"terms\" value=\"1\" aria-invalid=\"false\" \/><span class=\"wpcf7-list-item-label\">Aceito os termos e condi\u00e7\u00f5es.<\/span><\/label><\/span><\/span><\/span>\n\t\t<\/p>\n\t<\/div>\n\t<p><button type=\"submit\" class=\"theme-btn bg-dark mt-35\"><br \/>\n<span class=\"link-effect\"><br \/>\n<span class=\"btn-title\">Enviar<\/span><br \/>\n<\/span><i class=\"fa-regular fa-arrow-right-long\"><\/i><br \/>\n<\/button>\n\t<\/p>\n<\/div><div class=\"wpcf7-response-output\" aria-hidden=\"true\"><\/div>\n<\/form>\n<\/div>\n                        <\/div>\r\n                    <\/div>\r\n                <\/div>\r\n            <\/div>\r\n        <\/section>\r\n\r\n\r\n        \t\t\t\t<\/div>\n\t\t\t\t<\/div>\n\t\t\t\t<\/div>\n\t\t<div class=\"elementor-element elementor-element-18e70e2 e-con-full e-flex e-con e-parent\" data-id=\"18e70e2\" data-element_type=\"container\" data-settings=\"{&quot;background_background&quot;:&quot;classic&quot;}\">\n\t\t\t\t<div class=\"elementor-element elementor-element-be3b2d2 elementor-widget elementor-widget-google_maps\" data-id=\"be3b2d2\" data-element_type=\"widget\" data-widget_type=\"google_maps.default\">\n\t\t\t\t\t\t\t<div class=\"elementor-custom-embed\">\n\t\t\t<iframe loading=\"lazy\"\n\t\t\t\t\tsrc=\"https:\/\/maps.google.com\/maps?q=Fort%20Material%20De%20Constru%C3%A7%C3%A3o%2C%20Av.%20Cuiab%C3%A1%2C%20110%20-%20Centro%2C%20Teodoro%20Sampaio%20-%20SP%2C%2019280-000%2C%20Brasil&#038;t=m&#038;z=10&#038;output=embed&#038;iwloc=near\"\n\t\t\t\t\ttitle=\"Fort Material De Constru\u00e7\u00e3o, Av. Cuiab\u00e1, 110 - Centro, Teodoro Sampaio - SP, 19280-000, Brasil\"\n\t\t\t\t\taria-label=\"Fort Material De Constru\u00e7\u00e3o, Av. Cuiab\u00e1, 110 - Centro, Teodoro Sampaio - SP, 19280-000, Brasil\"\n\t\t\t><\/iframe>\n\t\t<\/div>\n\t\t\t\t\t\t<\/div>\n\t\t\t\t<div class=\"elementor-element elementor-element-635271a elementor-widget elementor-widget-spacer\" data-id=\"635271a\" data-element_type=\"widget\" data-widget_type=\"spacer.default\">\n\t\t\t\t\t\t\t<div class=\"elementor-spacer\">\n\t\t\t<div class=\"elementor-spacer-inner\"><\/div>\n\t\t<\/div>\n\t\t\t\t\t\t<\/div>\n\t\t\t\t<\/div>\n\t\t\t\t<\/div>\n\t\t","protected":false},"excerpt":{"rendered":"<p>CONTATO Entre em contato Conosco Estamos prontos para ajudar! Nossa Localiza\u00e7\u00e3o Av. Cuiab\u00e1, N. 110 &#8211; Centro Teodoro Sampaio\/SP Telefones Comercial 1: (18) 99666-5766 Comercial 2: (18) 98143-5401 E-Mail contato@fortemc.com.br cotacao@fortemc.com.br Facebook Facebook Instagram Instagram Fale Conosco What are you need?Air FreightOcean FreightRail transportCargo shipBulk cargo I agree to all terms and conditions. Submit Now<\/p>\n","protected":false},"author":1,"featured_media":0,"parent":0,"menu_order":0,"comment_status":"closed","ping_status":"closed","template":"","meta":{"_acf_changed":false,"footnotes":""},"class_list":["post-1563","page","type-page","status-publish","hentry"],"acf":[],"_links":{"self":[{"href":"https:\/\/fortemc.com.br\/site\/wp-json\/wp\/v2\/pages\/1563","targetHints":{"allow":["GET"]}}],"collection":[{"href":"https:\/\/fortemc.com.br\/site\/wp-json\/wp\/v2\/pages"}],"about":[{"href":"https:\/\/fortemc.com.br\/site\/wp-json\/wp\/v2\/types\/page"}],"author":[{"embeddable":true,"href":"https:\/\/fortemc.com.br\/site\/wp-json\/wp\/v2\/users\/1"}],"replies":[{"embeddable":true,"href":"https:\/\/fortemc.com.br\/site\/wp-json\/wp\/v2\/comments?post=1563"}],"version-history":[{"count":0,"href":"https:\/\/fortemc.com.br\/site\/wp-json\/wp\/v2\/pages\/1563\/revisions"}],"wp:attachment":[{"href":"https:\/\/fortemc.com.br\/site\/wp-json\/wp\/v2\/media?parent=1563"}],"curies":[{"name":"wp","href":"https:\/\/api.w.org\/{rel}","templated":true}]}}